{"id":340,"date":"2023-04-08T09:23:17","date_gmt":"2023-04-08T07:23:17","guid":{"rendered":"http:\/\/www.sfz-muenchen.musin.de\/wordpress\/?page_id=340"},"modified":"2024-03-07T17:53:59","modified_gmt":"2024-03-07T16:53:59","slug":"foerderzentren","status":"publish","type":"page","link":"http:\/\/sfz-muenchen.musin.de\/wordpress\/foerderzentren\/","title":{"rendered":"F\u00f6rderzentren"},"content":{"rendered":"\n<div class=\"wp-block-cover alignfull\" style=\"min-height:120px;aspect-ratio:unset;\"><span aria-hidden=\"true\" class=\"wp-block-cover__background has-nv-site-bg-background-color has-background-dim-90 has-background-dim\"><\/span><div class=\"wp-block-cover__inner-container is-layout-flow wp-block-cover-is-layout-flow\">\n<p><\/p>\n\n\n\n<div style=\"height:100px\" aria-hidden=\"true\" class=\"wp-block-spacer\"><\/div>\n\n\n\n<p class=\"has-text-align-center has-neve-link-color-color has-text-color has-large-font-size\"><strong>SONDERP\u00c4DAGOGISCHE F\u00d6RDERZENTREN<\/strong><\/p>\n<\/div><\/div>\n\n\n\n<div class=\"wp-block-cover alignfull\"><span aria-hidden=\"true\" class=\"wp-block-cover__background has-nv-site-bg-background-color has-background-dim-90 has-background-dim\"><\/span><div class=\"wp-block-cover__inner-container is-layout-flow wp-block-cover-is-layout-flow\">\n<div class=\"wp-block-cover alignwide\"><span aria-hidden=\"true\" class=\"wp-block-cover__background has-nv-site-bg-background-color has-background-dim-100 has-background-dim\"><\/span><div class=\"wp-block-cover__inner-container is-layout-flow wp-block-cover-is-layout-flow\">\n<div class=\"wp-block-columns is-layout-flex wp-container-core-columns-is-layout-9 wp-block-columns-is-layout-flex\">\n<div class=\"wp-block-column is-layout-flow wp-block-column-is-layout-flow\">\n<figure class=\"wp-block-image size-large\"><a href=\"https:\/\/sfz-muenchen.musin.de\/wordpress\/mitte-1\/\"><img loading=\"lazy\" decoding=\"async\" width=\"1024\" height=\"1024\" src=\"http:\/\/sfz-muenchen.musin.de\/wordpress\/wp-content\/uploads\/2023\/04\/11xstark_2023-1024x1024.jpg\" alt=\"\" class=\"wp-image-549\" srcset=\"http:\/\/sfz-muenchen.musin.de\/wordpress\/wp-content\/uploads\/2023\/04\/11xstark_2023-1024x1024.jpg 1024w, http:\/\/sfz-muenchen.musin.de\/wordpress\/wp-content\/uploads\/2023\/04\/11xstark_2023-300x300.jpg 300w, http:\/\/sfz-muenchen.musin.de\/wordpress\/wp-content\/uploads\/2023\/04\/11xstark_2023-150x150.jpg 150w, http:\/\/sfz-muenchen.musin.de\/wordpress\/wp-content\/uploads\/2023\/04\/11xstark_2023-768x768.jpg 768w, http:\/\/sfz-muenchen.musin.de\/wordpress\/wp-content\/uploads\/2023\/04\/11xstark_2023.jpg 1240w\" sizes=\"auto, (max-width: 1024px) 100vw, 1024px\" \/><\/a><\/figure>\n\n\n\n<div class=\"wp-block-columns is-layout-flex wp-container-core-columns-is-layout-1 wp-block-columns-is-layout-flex\">\n<div class=\"wp-block-column is-layout-flow wp-block-column-is-layout-flow\"><\/div>\n<\/div>\n\n\n\n<figure class=\"wp-block-image size-large\"><a href=\"https:\/\/sfz-muenchen.musin.de\/wordpress\/nord\/\"><img loading=\"lazy\" decoding=\"async\" width=\"1024\" height=\"1024\" src=\"http:\/\/sfz-muenchen.musin.de\/wordpress\/wp-content\/uploads\/2023\/04\/11xstark_20235-1024x1024.jpg\" alt=\"\" class=\"wp-image-555\" srcset=\"http:\/\/sfz-muenchen.musin.de\/wordpress\/wp-content\/uploads\/2023\/04\/11xstark_20235-1024x1024.jpg 1024w, http:\/\/sfz-muenchen.musin.de\/wordpress\/wp-content\/uploads\/2023\/04\/11xstark_20235-300x300.jpg 300w, http:\/\/sfz-muenchen.musin.de\/wordpress\/wp-content\/uploads\/2023\/04\/11xstark_20235-150x150.jpg 150w, http:\/\/sfz-muenchen.musin.de\/wordpress\/wp-content\/uploads\/2023\/04\/11xstark_20235-768x768.jpg 768w, http:\/\/sfz-muenchen.musin.de\/wordpress\/wp-content\/uploads\/2023\/04\/11xstark_20235.jpg 1240w\" sizes=\"auto, (max-width: 1024px) 100vw, 1024px\" \/><\/a><\/figure>\n\n\n\n<div class=\"wp-block-columns is-layout-flex wp-container-core-columns-is-layout-2 wp-block-columns-is-layout-flex\">\n<div class=\"wp-block-column is-layout-flow wp-block-column-is-layout-flow\"><\/div>\n<\/div>\n\n\n\n<figure class=\"wp-block-image size-large\"><a href=\"https:\/\/sfz-muenchen.musin.de\/wordpress\/sued\/\"><img loading=\"lazy\" decoding=\"async\" width=\"1024\" height=\"1024\" src=\"http:\/\/sfz-muenchen.musin.de\/wordpress\/wp-content\/uploads\/2023\/04\/11xstark_20239-1024x1024.jpg\" alt=\"\" class=\"wp-image-561\" srcset=\"http:\/\/sfz-muenchen.musin.de\/wordpress\/wp-content\/uploads\/2023\/04\/11xstark_20239-1024x1024.jpg 1024w, http:\/\/sfz-muenchen.musin.de\/wordpress\/wp-content\/uploads\/2023\/04\/11xstark_20239-300x300.jpg 300w, http:\/\/sfz-muenchen.musin.de\/wordpress\/wp-content\/uploads\/2023\/04\/11xstark_20239-150x150.jpg 150w, http:\/\/sfz-muenchen.musin.de\/wordpress\/wp-content\/uploads\/2023\/04\/11xstark_20239-768x768.jpg 768w, http:\/\/sfz-muenchen.musin.de\/wordpress\/wp-content\/uploads\/2023\/04\/11xstark_20239.jpg 1240w\" sizes=\"auto, (max-width: 1024px) 100vw, 1024px\" \/><\/a><\/figure>\n<\/div>\n\n\n\n<div class=\"wp-block-column is-layout-flow wp-block-column-is-layout-flow\">\n<figure class=\"wp-block-image size-large\"><a href=\"https:\/\/sfz-muenchen.musin.de\/wordpress\/mitte-2\/\"><img loading=\"lazy\" decoding=\"async\" width=\"1024\" height=\"1024\" src=\"http:\/\/sfz-muenchen.musin.de\/wordpress\/wp-content\/uploads\/2023\/04\/11xstark_20232-1024x1024.jpg\" alt=\"\" class=\"wp-image-550\" srcset=\"http:\/\/sfz-muenchen.musin.de\/wordpress\/wp-content\/uploads\/2023\/04\/11xstark_20232-1024x1024.jpg 1024w, http:\/\/sfz-muenchen.musin.de\/wordpress\/wp-content\/uploads\/2023\/04\/11xstark_20232-300x300.jpg 300w, http:\/\/sfz-muenchen.musin.de\/wordpress\/wp-content\/uploads\/2023\/04\/11xstark_20232-150x150.jpg 150w, http:\/\/sfz-muenchen.musin.de\/wordpress\/wp-content\/uploads\/2023\/04\/11xstark_20232-768x768.jpg 768w, http:\/\/sfz-muenchen.musin.de\/wordpress\/wp-content\/uploads\/2023\/04\/11xstark_20232.jpg 1240w\" sizes=\"auto, (max-width: 1024px) 100vw, 1024px\" \/><\/a><\/figure>\n\n\n\n<div class=\"wp-block-columns is-layout-flex wp-container-core-columns-is-layout-3 wp-block-columns-is-layout-flex\">\n<div class=\"wp-block-column is-layout-flow wp-block-column-is-layout-flow\"><\/div>\n<\/div>\n\n\n\n<figure class=\"wp-block-image size-large\"><a href=\"https:\/\/sfz-muenchen.musin.de\/wordpress\/nord-ost\/\"><img loading=\"lazy\" decoding=\"async\" width=\"1024\" height=\"1024\" src=\"http:\/\/sfz-muenchen.musin.de\/wordpress\/wp-content\/uploads\/2023\/04\/11xstark_20236-1024x1024.jpg\" alt=\"\" class=\"wp-image-558\" srcset=\"http:\/\/sfz-muenchen.musin.de\/wordpress\/wp-content\/uploads\/2023\/04\/11xstark_20236-1024x1024.jpg 1024w, http:\/\/sfz-muenchen.musin.de\/wordpress\/wp-content\/uploads\/2023\/04\/11xstark_20236-300x300.jpg 300w, http:\/\/sfz-muenchen.musin.de\/wordpress\/wp-content\/uploads\/2023\/04\/11xstark_20236-150x150.jpg 150w, http:\/\/sfz-muenchen.musin.de\/wordpress\/wp-content\/uploads\/2023\/04\/11xstark_20236-768x768.jpg 768w, http:\/\/sfz-muenchen.musin.de\/wordpress\/wp-content\/uploads\/2023\/04\/11xstark_20236.jpg 1240w\" sizes=\"auto, (max-width: 1024px) 100vw, 1024px\" \/><\/a><\/figure>\n\n\n\n<div class=\"wp-block-columns is-layout-flex wp-container-core-columns-is-layout-4 wp-block-columns-is-layout-flex\">\n<div class=\"wp-block-column is-layout-flow wp-block-column-is-layout-flow\"><\/div>\n<\/div>\n\n\n\n<figure class=\"wp-block-image size-large\"><a href=\"https:\/\/sfz-muenchen.musin.de\/wordpress\/sued-ost\/\"><img loading=\"lazy\" decoding=\"async\" width=\"1024\" height=\"1024\" src=\"http:\/\/sfz-muenchen.musin.de\/wordpress\/wp-content\/uploads\/2023\/04\/11xstark_202310-1024x1024.jpg\" alt=\"\" class=\"wp-image-562\" srcset=\"http:\/\/sfz-muenchen.musin.de\/wordpress\/wp-content\/uploads\/2023\/04\/11xstark_202310-1024x1024.jpg 1024w, http:\/\/sfz-muenchen.musin.de\/wordpress\/wp-content\/uploads\/2023\/04\/11xstark_202310-300x300.jpg 300w, http:\/\/sfz-muenchen.musin.de\/wordpress\/wp-content\/uploads\/2023\/04\/11xstark_202310-150x150.jpg 150w, http:\/\/sfz-muenchen.musin.de\/wordpress\/wp-content\/uploads\/2023\/04\/11xstark_202310-768x768.jpg 768w, http:\/\/sfz-muenchen.musin.de\/wordpress\/wp-content\/uploads\/2023\/04\/11xstark_202310.jpg 1240w\" sizes=\"auto, (max-width: 1024px) 100vw, 1024px\" \/><\/a><\/figure>\n<\/div>\n\n\n\n<div class=\"wp-block-column is-layout-flow wp-block-column-is-layout-flow\">\n<figure class=\"wp-block-image size-large\"><a href=\"https:\/\/sfz-muenchen.musin.de\/wordpress\/mitte-3\/\"><img loading=\"lazy\" decoding=\"async\" width=\"1024\" height=\"1024\" src=\"http:\/\/sfz-muenchen.musin.de\/wordpress\/wp-content\/uploads\/2023\/04\/3-1024x1024.jpg\" alt=\"\" class=\"wp-image-553\" srcset=\"http:\/\/sfz-muenchen.musin.de\/wordpress\/wp-content\/uploads\/2023\/04\/3-1024x1024.jpg 1024w, http:\/\/sfz-muenchen.musin.de\/wordpress\/wp-content\/uploads\/2023\/04\/3-300x300.jpg 300w, http:\/\/sfz-muenchen.musin.de\/wordpress\/wp-content\/uploads\/2023\/04\/3-150x150.jpg 150w, http:\/\/sfz-muenchen.musin.de\/wordpress\/wp-content\/uploads\/2023\/04\/3-768x768.jpg 768w, http:\/\/sfz-muenchen.musin.de\/wordpress\/wp-content\/uploads\/2023\/04\/3.jpg 1240w\" sizes=\"auto, (max-width: 1024px) 100vw, 1024px\" \/><\/a><\/figure>\n\n\n\n<div class=\"wp-block-columns is-layout-flex wp-container-core-columns-is-layout-5 wp-block-columns-is-layout-flex\">\n<div class=\"wp-block-column is-layout-flow wp-block-column-is-layout-flow\"><\/div>\n<\/div>\n\n\n\n<figure class=\"wp-block-image size-large\"><a href=\"https:\/\/sfz-muenchen.musin.de\/wordpress\/nord-west\/\"><img loading=\"lazy\" decoding=\"async\" width=\"1024\" height=\"1024\" src=\"http:\/\/sfz-muenchen.musin.de\/wordpress\/wp-content\/uploads\/2023\/04\/11xstark_20237-1024x1024.jpg\" alt=\"\" class=\"wp-image-559\" srcset=\"http:\/\/sfz-muenchen.musin.de\/wordpress\/wp-content\/uploads\/2023\/04\/11xstark_20237-1024x1024.jpg 1024w, http:\/\/sfz-muenchen.musin.de\/wordpress\/wp-content\/uploads\/2023\/04\/11xstark_20237-300x300.jpg 300w, http:\/\/sfz-muenchen.musin.de\/wordpress\/wp-content\/uploads\/2023\/04\/11xstark_20237-150x150.jpg 150w, http:\/\/sfz-muenchen.musin.de\/wordpress\/wp-content\/uploads\/2023\/04\/11xstark_20237-768x768.jpg 768w, http:\/\/sfz-muenchen.musin.de\/wordpress\/wp-content\/uploads\/2023\/04\/11xstark_20237.jpg 1240w\" sizes=\"auto, (max-width: 1024px) 100vw, 1024px\" \/><\/a><\/figure>\n\n\n\n<div class=\"wp-block-columns is-layout-flex wp-container-core-columns-is-layout-6 wp-block-columns-is-layout-flex\">\n<div class=\"wp-block-column is-layout-flow wp-block-column-is-layout-flow\"><\/div>\n<\/div>\n\n\n\n<figure class=\"wp-block-image size-large\"><a href=\"https:\/\/sfz-muenchen.musin.de\/wordpress\/west\/\"><img loading=\"lazy\" decoding=\"async\" width=\"1024\" height=\"1024\" src=\"http:\/\/sfz-muenchen.musin.de\/wordpress\/wp-content\/uploads\/2023\/04\/11xstark_202311-1024x1024.jpg\" alt=\"\" class=\"wp-image-563\" srcset=\"http:\/\/sfz-muenchen.musin.de\/wordpress\/wp-content\/uploads\/2023\/04\/11xstark_202311-1024x1024.jpg 1024w, http:\/\/sfz-muenchen.musin.de\/wordpress\/wp-content\/uploads\/2023\/04\/11xstark_202311-300x300.jpg 300w, http:\/\/sfz-muenchen.musin.de\/wordpress\/wp-content\/uploads\/2023\/04\/11xstark_202311-150x150.jpg 150w, http:\/\/sfz-muenchen.musin.de\/wordpress\/wp-content\/uploads\/2023\/04\/11xstark_202311-768x768.jpg 768w, http:\/\/sfz-muenchen.musin.de\/wordpress\/wp-content\/uploads\/2023\/04\/11xstark_202311.jpg 1240w\" sizes=\"auto, (max-width: 1024px) 100vw, 1024px\" \/><\/a><\/figure>\n<\/div>\n\n\n\n<div class=\"wp-block-column is-layout-flow wp-block-column-is-layout-flow\">\n<figure class=\"wp-block-image size-large\"><a href=\"https:\/\/sfz-muenchen.musin.de\/wordpress\/mitte-4\/\"><img loading=\"lazy\" decoding=\"async\" width=\"1024\" height=\"1024\" src=\"http:\/\/sfz-muenchen.musin.de\/wordpress\/wp-content\/uploads\/2023\/04\/11xstark_20234-1024x1024.jpg\" alt=\"\" class=\"wp-image-554\" srcset=\"http:\/\/sfz-muenchen.musin.de\/wordpress\/wp-content\/uploads\/2023\/04\/11xstark_20234-1024x1024.jpg 1024w, http:\/\/sfz-muenchen.musin.de\/wordpress\/wp-content\/uploads\/2023\/04\/11xstark_20234-300x300.jpg 300w, http:\/\/sfz-muenchen.musin.de\/wordpress\/wp-content\/uploads\/2023\/04\/11xstark_20234-150x150.jpg 150w, http:\/\/sfz-muenchen.musin.de\/wordpress\/wp-content\/uploads\/2023\/04\/11xstark_20234-768x768.jpg 768w, http:\/\/sfz-muenchen.musin.de\/wordpress\/wp-content\/uploads\/2023\/04\/11xstark_20234.jpg 1240w\" sizes=\"auto, (max-width: 1024px) 100vw, 1024px\" \/><\/a><\/figure>\n\n\n\n<div class=\"wp-block-columns is-layout-flex wp-container-core-columns-is-layout-7 wp-block-columns-is-layout-flex\">\n<div class=\"wp-block-column is-layout-flow wp-block-column-is-layout-flow\"><\/div>\n<\/div>\n\n\n\n<figure class=\"wp-block-image size-large\"><a href=\"https:\/\/sfz-muenchen.musin.de\/wordpress\/ost\/\"><img loading=\"lazy\" decoding=\"async\" width=\"1024\" height=\"1024\" src=\"http:\/\/sfz-muenchen.musin.de\/wordpress\/wp-content\/uploads\/2023\/04\/11xstark_20238-1024x1024.jpg\" alt=\"\" class=\"wp-image-560\" srcset=\"http:\/\/sfz-muenchen.musin.de\/wordpress\/wp-content\/uploads\/2023\/04\/11xstark_20238-1024x1024.jpg 1024w, http:\/\/sfz-muenchen.musin.de\/wordpress\/wp-content\/uploads\/2023\/04\/11xstark_20238-300x300.jpg 300w, http:\/\/sfz-muenchen.musin.de\/wordpress\/wp-content\/uploads\/2023\/04\/11xstark_20238-150x150.jpg 150w, http:\/\/sfz-muenchen.musin.de\/wordpress\/wp-content\/uploads\/2023\/04\/11xstark_20238-768x768.jpg 768w, http:\/\/sfz-muenchen.musin.de\/wordpress\/wp-content\/uploads\/2023\/04\/11xstark_20238.jpg 1240w\" sizes=\"auto, (max-width: 1024px) 100vw, 1024px\" \/><\/a><\/figure>\n\n\n\n<div class=\"wp-block-columns is-layout-flex wp-container-core-columns-is-layout-8 wp-block-columns-is-layout-flex\">\n<div class=\"wp-block-column is-layout-flow wp-block-column-is-layout-flow\"><\/div>\n<\/div>\n\n\n\n<figure class=\"wp-block-image size-full\"><a href=\"https:\/\/sfz-muenchen.musin.de\/wordpress\/karte\/\"><img loading=\"lazy\" decoding=\"async\" width=\"2076\" height=\"2076\" src=\"http:\/\/sfz-muenchen.musin.de\/wordpress\/wp-content\/uploads\/2023\/04\/karte.jpg\" alt=\"\" class=\"wp-image-53\" srcset=\"http:\/\/sfz-muenchen.musin.de\/wordpress\/wp-content\/uploads\/2023\/04\/karte.jpg 2076w, http:\/\/sfz-muenchen.musin.de\/wordpress\/wp-content\/uploads\/2023\/04\/karte-300x300.jpg 300w, http:\/\/sfz-muenchen.musin.de\/wordpress\/wp-content\/uploads\/2023\/04\/karte-1024x1024.jpg 1024w, http:\/\/sfz-muenchen.musin.de\/wordpress\/wp-content\/uploads\/2023\/04\/karte-150x150.jpg 150w, http:\/\/sfz-muenchen.musin.de\/wordpress\/wp-content\/uploads\/2023\/04\/karte-768x768.jpg 768w, http:\/\/sfz-muenchen.musin.de\/wordpress\/wp-content\/uploads\/2023\/04\/karte-1536x1536.jpg 1536w, http:\/\/sfz-muenchen.musin.de\/wordpress\/wp-content\/uploads\/2023\/04\/karte-2048x2048.jpg 2048w\" sizes=\"auto, (max-width: 2076px) 100vw, 2076px\" \/><\/a><\/figure>\n<\/div>\n<\/div>\n<\/div><\/div>\n<\/div><\/div>\n\n\n\n<div class=\"wp-block-cover alignfull\" style=\"min-height:154px;aspect-ratio:unset;\"><span aria-hidden=\"true\" class=\"wp-block-cover__background has-nv-site-bg-background-color has-background-dim-90 has-background-dim\"><\/span><div class=\"wp-block-cover__inner-container is-layout-flow wp-block-cover-is-layout-flow\">\n<p><\/p>\n\n\n\n<div style=\"height:100px\" aria-hidden=\"true\" class=\"wp-block-spacer\"><\/div>\n\n\n\n<h1 class=\"wp-block-heading has-text-align-center has-neve-link-color-color has-text-color has-large-font-size\">F\u00d6RDERZENTREN<\/h1>\n<\/div><\/div>\n\n\n\n<div class=\"wp-block-cover alignfull\"><span aria-hidden=\"true\" class=\"wp-block-cover__background has-background-dim-90 has-background-dim\" style=\"background-color:#982e35\"><\/span><div class=\"wp-block-cover__inner-container is-layout-flow wp-block-cover-is-layout-flow\">\n<div style=\"height:100px\" aria-hidden=\"true\" class=\"wp-block-spacer\"><\/div>\n\n\n\n<div class=\"wp-block-columns alignwide is-layout-flex wp-container-core-columns-is-layout-13 wp-block-columns-is-layout-flex\">\n<div class=\"wp-block-column is-layout-flow wp-block-column-is-layout-flow\">\n<div class=\"wp-block-cover has-custom-content-position is-position-center-left\"><span aria-hidden=\"true\" class=\"wp-block-cover__background has-nv-site-bg-background-color has-background-dim-100 has-background-dim\"><\/span><div class=\"wp-block-cover__inner-container is-layout-flow wp-block-cover-is-layout-flow\">\n<p class=\"has-text-align-left has-neve-link-color-color has-text-color\" style=\"font-size:18px\"><a href=\"http:\/\/www.anni-braun-schule.de\">ANNI-BRAUN-SCHULE<\/a><\/p>\n\n\n\n<p class=\"has-neve-link-color-color has-text-color\">staatlich<\/p>\n<\/div><\/div>\n\n\n\n<div style=\"height:30px\" aria-hidden=\"true\" class=\"wp-block-spacer\"><\/div>\n\n\n\n<div class=\"wp-block-cover has-custom-content-position is-position-center-left\"><span aria-hidden=\"true\" class=\"wp-block-cover__background has-nv-site-bg-background-color has-background-dim-100 has-background-dim\"><\/span><div class=\"wp-block-cover__inner-container is-layout-flow wp-block-cover-is-layout-flow\">\n<p class=\"has-text-align-left has-neve-link-color-color has-text-color\" style=\"font-size:18px\"><a href=\"http:\/\/www.franziskuswerk.de\/startseite\/lernen\/dr-elisabeth-bamberger-schule\/\">DR.-ELISABETH-BAMBERGER-SCHULE<\/a><\/p>\n\n\n\n<p class=\"has-neve-link-color-color has-text-color\">staatlich anerkannt<\/p>\n<\/div><\/div>\n<\/div>\n\n\n\n<div class=\"wp-block-column is-layout-flow wp-block-column-is-layout-flow\">\n<div class=\"wp-block-cover has-custom-content-position is-position-center-left\"><span aria-hidden=\"true\" class=\"wp-block-cover__background has-nv-site-bg-background-color has-background-dim-100 has-background-dim\"><\/span><div class=\"wp-block-cover__inner-container is-layout-flow wp-block-cover-is-layout-flow\">\n<p class=\"has-text-align-left\" style=\"font-size:18px\"><a href=\"https:\/\/www.otto-speck-schule.edupage.org\/\">PROF.-OTTO-SPECK-SCHULE<\/a><\/p>\n\n\n\n<p class=\"has-neve-link-color-color has-text-color\">staatlich<\/p>\n<\/div><\/div>\n\n\n\n<div style=\"height:30px\" aria-hidden=\"true\" class=\"wp-block-spacer\"><\/div>\n\n\n\n<div class=\"wp-block-cover has-custom-content-position is-position-center-left\"><span aria-hidden=\"true\" class=\"wp-block-cover__background has-nv-site-bg-background-color has-background-dim-100 has-background-dim\"><\/span><div class=\"wp-block-cover__inner-container is-layout-flow wp-block-cover-is-layout-flow\">\n<p class=\"has-text-align-left has-neve-link-color-color has-text-color\" style=\"font-size:18px\"><a href=\"http:\/\/www.heimschule-birkeneck.de\">PRIVATES F\u00d6RDERZENTRUM BIRKENECK<\/a><\/p>\n\n\n\n<p class=\"has-neve-link-color-color has-text-color\">staatlich anerkannt<\/p>\n<\/div><\/div>\n<\/div>\n\n\n\n<div class=\"wp-block-column is-layout-flow wp-block-column-is-layout-flow\">\n<div class=\"wp-block-cover has-custom-content-position is-position-center-left\"><span aria-hidden=\"true\" class=\"wp-block-cover__background has-nv-site-bg-background-color has-background-dim-100 has-background-dim\"><\/span><div class=\"wp-block-cover__inner-container is-layout-flow wp-block-cover-is-layout-flow\">\n<p class=\"has-text-align-left\" style=\"font-size:18px\"><a href=\"http:\/\/www.diakonie-hasenbergl.de\/wichern-schule\">WICHERN-SCHULE<\/a><\/p>\n\n\n\n<p class=\"has-neve-link-color-color has-text-color\">staatlich anerkannt<\/p>\n<\/div><\/div>\n\n\n\n<div style=\"height:30px\" aria-hidden=\"true\" class=\"wp-block-spacer\"><\/div>\n\n\n\n<div class=\"wp-block-cover has-custom-content-position is-position-center-left\"><span aria-hidden=\"true\" class=\"wp-block-cover__background has-nv-site-bg-background-color has-background-dim-100 has-background-dim\"><\/span><div class=\"wp-block-cover__inner-container is-layout-flow wp-block-cover-is-layout-flow\">\n<p class=\"has-text-align-left has-neve-link-color-color has-text-color\" style=\"font-size:18px\"><a href=\"http:\/\/www.heilende-erziehung.de\">PARZIVAL-SCHULE<\/a><\/p>\n\n\n\n<p class=\"has-neve-link-color-color has-text-color\">staatlich anerkannt<\/p>\n<\/div><\/div>\n<\/div>\n\n\n\n<div class=\"wp-block-column is-layout-flow wp-block-column-is-layout-flow\">\n<div class=\"wp-block-cover has-custom-content-position is-position-center-left\"><span aria-hidden=\"true\" class=\"wp-block-cover__background has-nv-site-bg-background-color has-background-dim-100 has-background-dim\"><\/span><div class=\"wp-block-cover__inner-container is-layout-flow wp-block-cover-is-layout-flow\">\n<p class=\"has-text-align-left\" style=\"font-size:18px\"><a href=\"http:\/\/www.christophorus-schulverein.de\">CHRISTOPHORUS-SCHULE M\u00dcNCHEN<\/a><\/p>\n\n\n\n<p class=\"has-neve-link-color-color has-text-color\">staatlich anerkannt<\/p>\n<\/div><\/div>\n\n\n\n<div style=\"height:30px\" aria-hidden=\"true\" class=\"wp-block-spacer\"><\/div>\n\n\n\n<div class=\"wp-block-cover has-custom-content-position is-position-center-left\" style=\"min-height:429px;aspect-ratio:unset;\"><span aria-hidden=\"true\" class=\"wp-block-cover__background has-nv-site-bg-background-color has-background-dim-100 has-background-dim\"><\/span><div class=\"wp-block-cover__inner-container is-layout-flow wp-block-cover-is-layout-flow\">\n<p class=\"has-text-align-left has-neve-link-color-color has-text-color\" style=\"font-size:18px\"><a href=\"http:\/\/www.montessorischule-muenchen.de\">INKLUSIVE MONTESSORI-SCHULE<\/a><\/p>\n\n\n\n<p class=\"has-neve-link-color-color has-text-color\">staatlich gehenmigt<\/p>\n<\/div><\/div>\n<\/div>\n\n\n\n<div class=\"wp-block-column is-layout-flow wp-block-column-is-layout-flow\">\n<div class=\"wp-block-cover\"><span aria-hidden=\"true\" class=\"wp-block-cover__background has-nv-site-bg-background-color has-background-dim-100 has-background-dim\"><\/span><div class=\"wp-block-cover__inner-container is-layout-flow wp-block-cover-is-layout-flow\">\n<p class=\"has-text-align-left has-neve-link-color-color has-text-color\" style=\"font-size:18px\"><a href=\"https:\/\/www.clemaki.de\/angebote\/privates-foerderzentrum\/\">CLEMENS-MARIA-HOFBAUER-SCHULE<\/a><\/p>\n\n\n\n<p class=\"has-neve-link-color-color has-text-color\">staatlich anerkannt<\/p>\n<\/div><\/div>\n\n\n\n<div class=\"wp-block-columns is-layout-flex wp-container-core-columns-is-layout-10 wp-block-columns-is-layout-flex\">\n<div class=\"wp-block-column is-layout-flow wp-block-column-is-layout-flow\"><\/div>\n<\/div>\n\n\n\n<div class=\"wp-block-columns is-layout-flex wp-container-core-columns-is-layout-11 wp-block-columns-is-layout-flex\">\n<div class=\"wp-block-column is-layout-flow wp-block-column-is-layout-flow\">\n<div class=\"wp-block-cover\" style=\"min-height:200px;aspect-ratio:unset;\"><span aria-hidden=\"true\" class=\"wp-block-cover__background has-nv-site-bg-background-color has-background-dim-100 has-background-dim\"><\/span><div class=\"wp-block-cover__inner-container is-layout-flow wp-block-cover-is-layout-flow\">\n<p class=\"has-text-align-left has-neve-link-color-color has-text-color\" style=\"font-size:18px\"><a href=\"http:\/\/www.sfz-muenchen.musin.de\/wordpress\/wp-content\/uploads\/2023\/07\/weitere-fz.pdf\">WEITERE F\u00d6RDERZENTREN IM \u00dcBERBLICK<\/a><\/p>\n<\/div><\/div>\n<\/div>\n<\/div>\n\n\n\n<div class=\"wp-block-columns is-layout-flex wp-container-core-columns-is-layout-12 wp-block-columns-is-layout-flex\">\n<div class=\"wp-block-column is-layout-flow wp-block-column-is-layout-flow\">\n<div class=\"wp-block-cover\" style=\"min-height:200px;aspect-ratio:unset;\"><span aria-hidden=\"true\" class=\"wp-block-cover__background has-nv-site-bg-background-color has-background-dim-100 has-background-dim\"><\/span><div class=\"wp-block-cover__inner-container is-layout-flow wp-block-cover-is-layout-flow\">\n<p class=\"has-text-align-left has-neve-link-color-color has-text-color\" style=\"font-size:18px\"><a href=\"http:\/\/www.sfz-muenchen.musin.de\/wordpress\/wp-content\/uploads\/2023\/07\/bz.pdf\">BERATUNGSZENTREN<br>f\u00fcr Kinder mit erh\u00f6htem sonderp\u00e4dagogischen F\u00f6rderbedarf<\/a><\/p>\n<\/div><\/div>\n<\/div>\n<\/div>\n<\/div>\n<\/div>\n<\/div><\/div>\n","protected":false},"excerpt":{"rendered":"","protected":false},"author":1,"featured_media":0,"parent":0,"menu_order":0,"comment_status":"closed","ping_status":"closed","template":"","meta":{"neve_meta_sidebar":"","neve_meta_container":"","neve_meta_enable_content_width":"","neve_meta_content_width":0,"neve_meta_title_alignment":"","neve_meta_author_avatar":"","neve_post_elements_order":"","neve_meta_disable_header":"","neve_meta_disable_footer":"","neve_meta_disable_title":"","footnotes":""},"class_list":["post-340","page","type-page","status-publish","hentry"],"_links":{"self":[{"href":"http:\/\/sfz-muenchen.musin.de\/wordpress\/wp-json\/wp\/v2\/pages\/340","targetHints":{"allow":["GET"]}}],"collection":[{"href":"http:\/\/sfz-muenchen.musin.de\/wordpress\/wp-json\/wp\/v2\/pages"}],"about":[{"href":"http:\/\/sfz-muenchen.musin.de\/wordpress\/wp-json\/wp\/v2\/types\/page"}],"author":[{"embeddable":true,"href":"http:\/\/sfz-muenchen.musin.de\/wordpress\/wp-json\/wp\/v2\/users\/1"}],"replies":[{"embeddable":true,"href":"http:\/\/sfz-muenchen.musin.de\/wordpress\/wp-json\/wp\/v2\/comments?post=340"}],"version-history":[{"count":66,"href":"http:\/\/sfz-muenchen.musin.de\/wordpress\/wp-json\/wp\/v2\/pages\/340\/revisions"}],"predecessor-version":[{"id":1045,"href":"http:\/\/sfz-muenchen.musin.de\/wordpress\/wp-json\/wp\/v2\/pages\/340\/revisions\/1045"}],"wp:attachment":[{"href":"http:\/\/sfz-muenchen.musin.de\/wordpress\/wp-json\/wp\/v2\/media?parent=340"}],"curies":[{"name":"wp","href":"https:\/\/api.w.org\/{rel}","templated":true}]}}