{"id":506,"date":"2023-04-09T09:21:28","date_gmt":"2023-04-09T07:21:28","guid":{"rendered":"http:\/\/www.sfz-muenchen.musin.de\/wordpress\/?page_id=506"},"modified":"2025-02-28T16:02:38","modified_gmt":"2025-02-28T15:02:38","slug":"sued-ost","status":"publish","type":"page","link":"http:\/\/sfz-muenchen.musin.de\/wordpress\/sued-ost\/","title":{"rendered":"S\u00fcd-Ost"},"content":{"rendered":"\n<div class=\"wp-block-cover alignfull\"><span aria-hidden=\"true\" class=\"wp-block-cover__background has-background-dim-90 has-background-dim\" style=\"background-color:#0e93cb\"><\/span><div class=\"wp-block-cover__inner-container is-layout-flow wp-block-cover-is-layout-flow\">\n<div class=\"wp-block-cover alignwide\"><span aria-hidden=\"true\" class=\"wp-block-cover__background has-nv-dark-bg-background-color has-background-dim-100 has-background-dim\"><\/span><div class=\"wp-block-cover__inner-container is-layout-flow wp-block-cover-is-layout-flow\">\n<div class=\"wp-block-columns is-layout-flex wp-container-core-columns-is-layout-5 wp-block-columns-is-layout-flex\">\n<div class=\"wp-block-column is-layout-flow wp-block-column-is-layout-flow\" style=\"flex-basis:50%\">\n<div style=\"height:100px\" aria-hidden=\"true\" class=\"wp-block-spacer\"><\/div>\n\n\n\n<h1 class=\"wp-block-heading\">Sonderp\u00e4dagogisches F\u00f6rderzentrum M\u00fcnchen S\u00fcd-Ost<\/h1>\n\n\n\n<div class=\"wp-block-columns is-layout-flex wp-container-core-columns-is-layout-1 wp-block-columns-is-layout-flex\">\n<div class=\"wp-block-column is-layout-flow wp-block-column-is-layout-flow\">\n<div class=\"wp-block-cover has-custom-content-position is-position-top-center\"><span aria-hidden=\"true\" class=\"wp-block-cover__background has-nv-dark-bg-background-color has-background-dim-100 has-background-dim\"><\/span><div class=\"wp-block-cover__inner-container is-layout-flow wp-block-cover-is-layout-flow\"><div class=\"wp-block-image\">\n<figure class=\"aligncenter size-full is-resized\"><a href=\"https:\/\/sfzsuedost.edupage.org\/\"><img loading=\"lazy\" decoding=\"async\" width=\"512\" height=\"512\" src=\"http:\/\/sfz-muenchen.musin.de\/wordpress\/wp-content\/uploads\/2023\/04\/click-1.png\" alt=\"\" class=\"wp-image-448\" style=\"width:49px;height:49px\" srcset=\"http:\/\/sfz-muenchen.musin.de\/wordpress\/wp-content\/uploads\/2023\/04\/click-1.png 512w, http:\/\/sfz-muenchen.musin.de\/wordpress\/wp-content\/uploads\/2023\/04\/click-1-300x300.png 300w, http:\/\/sfz-muenchen.musin.de\/wordpress\/wp-content\/uploads\/2023\/04\/click-1-150x150.png 150w\" sizes=\"auto, (max-width: 512px) 100vw, 512px\" \/><\/a><\/figure><\/div>\n\n\n<p style=\"font-size:14px\">Webseite<\/p>\n<\/div><\/div>\n<\/div>\n\n\n\n<div class=\"wp-block-column is-layout-flow wp-block-column-is-layout-flow\">\n<div class=\"wp-block-cover aligncenter has-custom-content-position is-position-top-center\"><span aria-hidden=\"true\" class=\"wp-block-cover__background has-nv-dark-bg-background-color has-background-dim-100 has-background-dim\"><\/span><div class=\"wp-block-cover__inner-container is-layout-flow wp-block-cover-is-layout-flow\"><div class=\"wp-block-image\">\n<figure class=\"aligncenter size-full is-resized\"><a href=\"mailto:sfz-muenchen-suedost@muenchen.de\"><img loading=\"lazy\" decoding=\"async\" width=\"512\" height=\"512\" src=\"http:\/\/sfz-muenchen.musin.de\/wordpress\/wp-content\/uploads\/2023\/04\/at-sign.png\" alt=\"\" class=\"wp-image-449\" style=\"width:52px;height:52px\" srcset=\"http:\/\/sfz-muenchen.musin.de\/wordpress\/wp-content\/uploads\/2023\/04\/at-sign.png 512w, http:\/\/sfz-muenchen.musin.de\/wordpress\/wp-content\/uploads\/2023\/04\/at-sign-300x300.png 300w, http:\/\/sfz-muenchen.musin.de\/wordpress\/wp-content\/uploads\/2023\/04\/at-sign-150x150.png 150w\" sizes=\"auto, (max-width: 512px) 100vw, 512px\" \/><\/a><\/figure><\/div>\n\n\n<p class=\"has-text-align-center\" style=\"font-size:14px\">E-Mail<\/p>\n<\/div><\/div>\n<\/div>\n\n\n\n<div class=\"wp-block-column is-layout-flow wp-block-column-is-layout-flow\"><\/div>\n<\/div>\n<\/div>\n\n\n\n<div class=\"wp-block-column is-layout-flow wp-block-column-is-layout-flow\"><\/div>\n\n\n\n<div class=\"wp-block-column is-layout-flow wp-block-column-is-layout-flow\" style=\"flex-basis:40%\">\n<div style=\"height:100px\" aria-hidden=\"true\" class=\"wp-block-spacer\"><\/div>\n\n\n\n<div class=\"wp-block-columns is-layout-flex wp-container-core-columns-is-layout-2 wp-block-columns-is-layout-flex\">\n<div class=\"wp-block-column is-layout-flow wp-block-column-is-layout-flow\">\n<h2 class=\"wp-block-heading\">Standort<\/h2>\n<\/div>\n\n\n\n<div class=\"wp-block-column is-layout-flow wp-block-column-is-layout-flow\"><\/div>\n<\/div>\n\n\n\n<div class=\"wp-block-columns is-layout-flex wp-container-core-columns-is-layout-3 wp-block-columns-is-layout-flex\">\n<div class=\"wp-block-column is-layout-flow wp-block-column-is-layout-flow\">\n<figure class=\"wp-block-image size-full\"><img loading=\"lazy\" decoding=\"async\" width=\"1024\" height=\"685\" src=\"https:\/\/sfz-muenchen.musin.de\/wordpress\/wp-content\/uploads\/2024\/03\/ger-haup.jpg\" alt=\"\" class=\"wp-image-1012\" srcset=\"http:\/\/sfz-muenchen.musin.de\/wordpress\/wp-content\/uploads\/2024\/03\/ger-haup.jpg 1024w, http:\/\/sfz-muenchen.musin.de\/wordpress\/wp-content\/uploads\/2024\/03\/ger-haup-300x201.jpg 300w, http:\/\/sfz-muenchen.musin.de\/wordpress\/wp-content\/uploads\/2024\/03\/ger-haup-768x514.jpg 768w\" sizes=\"auto, (max-width: 1024px) 100vw, 1024px\" \/><\/figure>\n<\/div>\n\n\n\n<div class=\"wp-block-column is-layout-flow wp-block-column-is-layout-flow\">\n<figure class=\"wp-block-image size-full\"><img loading=\"lazy\" decoding=\"async\" width=\"1024\" height=\"768\" src=\"https:\/\/sfz-muenchen.musin.de\/wordpress\/wp-content\/uploads\/2024\/03\/theo-heuss.jpg\" alt=\"\" class=\"wp-image-1013\" srcset=\"http:\/\/sfz-muenchen.musin.de\/wordpress\/wp-content\/uploads\/2024\/03\/theo-heuss.jpg 1024w, http:\/\/sfz-muenchen.musin.de\/wordpress\/wp-content\/uploads\/2024\/03\/theo-heuss-300x225.jpg 300w, http:\/\/sfz-muenchen.musin.de\/wordpress\/wp-content\/uploads\/2024\/03\/theo-heuss-768x576.jpg 768w\" sizes=\"auto, (max-width: 1024px) 100vw, 1024px\" \/><\/figure>\n<\/div>\n<\/div>\n\n\n\n<div class=\"wp-block-columns is-layout-flex wp-container-core-columns-is-layout-4 wp-block-columns-is-layout-flex\">\n<div class=\"wp-block-column is-layout-flow wp-block-column-is-layout-flow\">\n<p class=\"has-small-font-size\">Gerhart-Hauptmann-Ring 15<br>81737 M\u00fcnchen<br>Tel. 0 89 \/ 12 02 19 27 30<br>Fax 0 89 \/ 12 02 19 27 33<\/p>\n<\/div>\n\n\n\n<div class=\"wp-block-column is-layout-flow wp-block-column-is-layout-flow\">\n<p class=\"has-small-font-size\">Staudingerstr. 36&nbsp;<br>81735 M\u00fcnchen<br>Tel. 0 89 \/ 23 36 70 50<br>Fax 0 89 \/ 23 36 70 55<\/p>\n<\/div>\n<\/div>\n\n\n\n<p>Sonderp\u00e4dagogische Beratungsstelle:<\/p>\n\n\n\n<p class=\"has-small-font-size\">Tel. 0 89 \/ 12 02 19 27 30 &#8211; Fax 0 89 \/ 12 02 19 27 33<br>Tel. 0 89 \/ 23 36 70 50 &#8211; Fax 0 89 \/ 23 36 70 55<br>Tel. 0 89 \/ 23 36 70 81 <br>E-Mail: sfz-muenchen-suedost@muenchen.de<\/p>\n<\/div>\n<\/div>\n\n\n\n<div class=\"wp-block-columns is-layout-flex wp-container-core-columns-is-layout-6 wp-block-columns-is-layout-flex\"><\/div>\n<\/div><\/div>\n<\/div><\/div>\n","protected":false},"excerpt":{"rendered":"","protected":false},"author":1,"featured_media":0,"parent":0,"menu_order":0,"comment_status":"closed","ping_status":"closed","template":"","meta":{"neve_meta_sidebar":"","neve_meta_container":"","neve_meta_enable_content_width":"","neve_meta_content_width":0,"neve_meta_title_alignment":"","neve_meta_author_avatar":"","neve_post_elements_order":"","neve_meta_disable_header":"","neve_meta_disable_footer":"","neve_meta_disable_title":"","footnotes":""},"class_list":["post-506","page","type-page","status-publish","hentry"],"_links":{"self":[{"href":"http:\/\/sfz-muenchen.musin.de\/wordpress\/wp-json\/wp\/v2\/pages\/506","targetHints":{"allow":["GET"]}}],"collection":[{"href":"http:\/\/sfz-muenchen.musin.de\/wordpress\/wp-json\/wp\/v2\/pages"}],"about":[{"href":"http:\/\/sfz-muenchen.musin.de\/wordpress\/wp-json\/wp\/v2\/types\/page"}],"author":[{"embeddable":true,"href":"http:\/\/sfz-muenchen.musin.de\/wordpress\/wp-json\/wp\/v2\/users\/1"}],"replies":[{"embeddable":true,"href":"http:\/\/sfz-muenchen.musin.de\/wordpress\/wp-json\/wp\/v2\/comments?post=506"}],"version-history":[{"count":8,"href":"http:\/\/sfz-muenchen.musin.de\/wordpress\/wp-json\/wp\/v2\/pages\/506\/revisions"}],"predecessor-version":[{"id":1118,"href":"http:\/\/sfz-muenchen.musin.de\/wordpress\/wp-json\/wp\/v2\/pages\/506\/revisions\/1118"}],"wp:attachment":[{"href":"http:\/\/sfz-muenchen.musin.de\/wordpress\/wp-json\/wp\/v2\/media?parent=506"}],"curies":[{"name":"wp","href":"https:\/\/api.w.org\/{rel}","templated":true}]}}