{"id":521,"date":"2023-04-09T09:25:35","date_gmt":"2023-04-09T07:25:35","guid":{"rendered":"http:\/\/www.sfz-muenchen.musin.de\/wordpress\/?page_id=521"},"modified":"2024-03-07T18:02:14","modified_gmt":"2024-03-07T17:02:14","slug":"foerderverein","status":"publish","type":"page","link":"https:\/\/sfz-muenchen.musin.de\/wordpress\/foerderverein\/","title":{"rendered":"F\u00f6rderverein"},"content":{"rendered":"\n<div class=\"wp-block-cover alignfull\" style=\"min-height:1083px;aspect-ratio:unset;\"><span aria-hidden=\"true\" class=\"wp-block-cover__background has-nv-site-bg-background-color has-background-dim-90 has-background-dim\"><\/span><div class=\"wp-block-cover__inner-container is-layout-flow wp-block-cover-is-layout-flow\">\n<p class=\"has-text-align-center has-large-font-size\"><\/p>\n\n\n\n<div class=\"wp-block-media-text has-media-on-the-right is-stacked-on-mobile is-vertically-aligned-center\" style=\"grid-template-columns:auto 15%\"><div class=\"wp-block-media-text__content\">\n<p><\/p>\n\n\n\n<h1 class=\"wp-block-heading has-text-align-left has-neve-link-color-color has-text-color\">LERNEN F\u00d6RDERN<\/h1>\n\n\n\n<p class=\"has-text-align-left has-neve-link-color-color has-text-color\">Ortsverband M\u00fcnchen e.V.<\/p>\n<\/div><figure class=\"wp-block-media-text__media\"><img loading=\"lazy\" decoding=\"async\" width=\"302\" height=\"302\" src=\"http:\/\/www.sfz-muenchen.musin.de\/wordpress\/wp-content\/uploads\/2023\/04\/lernen_u_foerdern-1.png\" alt=\"\" class=\"wp-image-657 size-full\" srcset=\"https:\/\/sfz-muenchen.musin.de\/wordpress\/wp-content\/uploads\/2023\/04\/lernen_u_foerdern-1.png 302w, https:\/\/sfz-muenchen.musin.de\/wordpress\/wp-content\/uploads\/2023\/04\/lernen_u_foerdern-1-300x300.png 300w, https:\/\/sfz-muenchen.musin.de\/wordpress\/wp-content\/uploads\/2023\/04\/lernen_u_foerdern-1-150x150.png 150w\" sizes=\"auto, (max-width: 302px) 100vw, 302px\" \/><\/figure><\/div>\n\n\n\n<div class=\"wp-block-cover alignwide has-custom-content-position is-position-top-center\" style=\"min-height:728px;aspect-ratio:unset;\"><span aria-hidden=\"true\" class=\"wp-block-cover__background has-nv-site-bg-background-color has-background-dim-100 has-background-dim\"><\/span><div class=\"wp-block-cover__inner-container is-layout-flow wp-block-cover-is-layout-flow\">\n<div class=\"wp-block-columns is-layout-flex wp-container-core-columns-is-layout-1 wp-block-columns-is-layout-flex\">\n<div class=\"wp-block-column is-layout-flow wp-block-column-is-layout-flow\" style=\"flex-basis:80%\">\n<p><\/p>\n\n\n\n<p class=\"has-neve-link-color-color has-text-color\">Der F\u00f6rderverein f\u00fcr Sch\u00fclerinnen und Sch\u00fcler mit erh\u00f6htem sonderp\u00e4dagogischem F\u00f6rderbedarf in den 11 sonderp\u00e4dagogischen F\u00f6rderzentren in M\u00fcnchen.<\/p>\n\n\n\n<p class=\"has-neve-link-color-color has-text-color\">Mitglieder im Ortsverband <a href=\"http:\/\/www.lernen-foerdern-muenchen.de\/\">LERNEN F\u00d6RDERN<\/a> sind Eltern, Lehrerinnen und Lehrer, Schulleiterinnen und Schulleiter und weitere Unterst\u00fctzerinnen und Unterst\u00fctzer aus Politik, Wissenschaft und Wirtschaft. Der gemeinn\u00fctzige Verein hat sich zum Ziel gesetzt, Kinder, Jugendliche und junge Erwachsene mit sonderp\u00e4dagogischem F\u00f6rderbedarf in den Bereichen Lernen, Sprache und\/oder der emotionalen und sozialen Entwicklung schulisch und au\u00dferschulisch zu f\u00f6rdern.<\/p>\n\n\n\n<p class=\"has-neve-link-color-color has-text-color\">Der Ortsverband <a href=\"http:\/\/www.lernen-foerdern-muenchen.de\/\">LERNEN F\u00d6RDERN<\/a> will die \u00d6ffentlichkeit \u00fcber die Situation der Sch\u00fclerinnen und Sch\u00fcler mit Lernproblemen und besonderem F\u00f6rderbedarf informieren, Eltern, Kinder und Jugendliche und deren Schulen unterst\u00fctzen, Sponsorinnen und Sponsoren und F\u00f6rderinnen und F\u00f6rderer finden.<\/p>\n\n\n\n<p><\/p>\n\n\n\n<div class=\"wp-block-buttons is-layout-flex wp-block-buttons-is-layout-flex\">\n<div class=\"wp-block-button\"><a class=\"wp-block-button__link has-nv-text-dark-bg-background-color has-background wp-element-button\" href=\"http:\/\/www.sfz-muenchen.musin.de\/wordpress\/wp-content\/uploads\/2023\/04\/formular.pdf\" target=\"_blank\" rel=\"noreferrer noopener\">Jetzt Mitgliedsantrag ausf\u00fcllen<\/a><\/div>\n<\/div>\n<\/div>\n\n\n\n<div class=\"wp-block-column is-layout-flow wp-block-column-is-layout-flow\" style=\"flex-basis:20%\">\n<figure class=\"wp-block-image size-full is-resized\"><img loading=\"lazy\" decoding=\"async\" width=\"352\" height=\"352\" src=\"http:\/\/sfz-muenchen.musin.de\/wordpress\/wp-content\/uploads\/2023\/04\/11xstark_2023_ohne_LHM54-scaled-e1681744697389.jpg\" alt=\"\" class=\"wp-image-670\" style=\"width:190px;height:190px\" srcset=\"https:\/\/sfz-muenchen.musin.de\/wordpress\/wp-content\/uploads\/2023\/04\/11xstark_2023_ohne_LHM54-scaled-e1681744697389.jpg 352w, https:\/\/sfz-muenchen.musin.de\/wordpress\/wp-content\/uploads\/2023\/04\/11xstark_2023_ohne_LHM54-scaled-e1681744697389-300x300.jpg 300w, https:\/\/sfz-muenchen.musin.de\/wordpress\/wp-content\/uploads\/2023\/04\/11xstark_2023_ohne_LHM54-scaled-e1681744697389-150x150.jpg 150w\" sizes=\"auto, (max-width: 352px) 100vw, 352px\" \/><\/figure>\n\n\n\n<ul class=\"wp-block-list\">\n<li><\/li>\n<\/ul>\n<\/div>\n<\/div>\n\n\n\n<p class=\"has-neve-link-color-color has-text-color\"><a href=\"http:\/\/www.lernen-foerdern-muenchen.de\/\">Hier geht es zur Internetseite von LERNEN F\u00d6RDERN e.V.<\/a><\/p>\n<\/div><\/div>\n\n\n\n<p><\/p>\n<\/div><\/div>\n\n\n\n<div class=\"wp-block-cover alignfull\"><span aria-hidden=\"true\" class=\"wp-block-cover__background has-neve-link-hover-color-background-color has-background-dim-90 has-background-dim\"><\/span><div class=\"wp-block-cover__inner-container is-layout-flow wp-block-cover-is-layout-flow\">\n<div class=\"wp-block-cover alignwide\"><span aria-hidden=\"true\" class=\"wp-block-cover__background has-neve-link-hover-color-background-color has-background-dim-100 has-background-dim\"><\/span><div class=\"wp-block-cover__inner-container is-layout-flow wp-block-cover-is-layout-flow\">\n<h2 class=\"wp-block-heading\">LERNEN F\u00d6RDERN Ortsverband M\u00fcnchen e.V. f\u00f6rdert Projekte wie:<\/h2>\n\n\n\n<ul class=\"wp-block-list\">\n<li>Angebote mit ehrenamtlichen Helfern<br>Kunst-, Musik- und Theaterprojekte, Zirkusprojekte, \u2026<\/li>\n\n\n\n<li>Aktionen zur St\u00e4rkung der Eigenverantwortung der Sch\u00fclerinnen und Sch\u00fcler, Antimobbingprojekte, Schulsanit\u00e4tsdienst, Projekte zur beruflichen Orientierung, \u2026<\/li>\n\n\n\n<li>Unterst\u00fctzung von Lerncamps, digitaler Bildung, Sprachf\u00f6rderung, \u2026<\/li>\n\n\n\n<li>Freizeit- und Sportangebote sowie kulturelle Angebote, Museumsbesuche, \u2026<\/li>\n\n\n\n<li>Unterst\u00fctzung von Schullandheimaufenthalten und Klassenfahrten, \u2026<\/li>\n<\/ul>\n<\/div><\/div>\n<\/div><\/div>\n","protected":false},"excerpt":{"rendered":"","protected":false},"author":1,"featured_media":0,"parent":0,"menu_order":0,"comment_status":"closed","ping_status":"closed","template":"","meta":{"neve_meta_sidebar":"","neve_meta_container":"","neve_meta_enable_content_width":"","neve_meta_content_width":0,"neve_meta_title_alignment":"","neve_meta_author_avatar":"","neve_post_elements_order":"","neve_meta_disable_header":"","neve_meta_disable_footer":"","neve_meta_disable_title":"","footnotes":""},"class_list":["post-521","page","type-page","status-publish","hentry"],"_links":{"self":[{"href":"https:\/\/sfz-muenchen.musin.de\/wordpress\/wp-json\/wp\/v2\/pages\/521","targetHints":{"allow":["GET"]}}],"collection":[{"href":"https:\/\/sfz-muenchen.musin.de\/wordpress\/wp-json\/wp\/v2\/pages"}],"about":[{"href":"https:\/\/sfz-muenchen.musin.de\/wordpress\/wp-json\/wp\/v2\/types\/page"}],"author":[{"embeddable":true,"href":"https:\/\/sfz-muenchen.musin.de\/wordpress\/wp-json\/wp\/v2\/users\/1"}],"replies":[{"embeddable":true,"href":"https:\/\/sfz-muenchen.musin.de\/wordpress\/wp-json\/wp\/v2\/comments?post=521"}],"version-history":[{"count":45,"href":"https:\/\/sfz-muenchen.musin.de\/wordpress\/wp-json\/wp\/v2\/pages\/521\/revisions"}],"predecessor-version":[{"id":1049,"href":"https:\/\/sfz-muenchen.musin.de\/wordpress\/wp-json\/wp\/v2\/pages\/521\/revisions\/1049"}],"wp:attachment":[{"href":"https:\/\/sfz-muenchen.musin.de\/wordpress\/wp-json\/wp\/v2\/media?parent=521"}],"curies":[{"name":"wp","href":"https:\/\/api.w.org\/{rel}","templated":true}]}}